{"id":971,"date":"2014-07-23T09:02:32","date_gmt":"2014-07-23T07:02:32","guid":{"rendered":"https:\/\/smartmotel.at\/?page_id=971"},"modified":"2024-03-02T16:51:21","modified_gmt":"2024-03-02T15:51:21","slug":"data-protection","status":"publish","type":"page","link":"https:\/\/smartmotel.at\/en\/data-protection\/","title":{"rendered":"Data protection"},"content":{"rendered":"<div class=\"entry-content-main\"><div class=\"entry-content-main-c\"><div class=\"entry-content-main-r\"><h3>Gegenstand der Datenschutzerkl\u00e4rung<\/h3>\n<p>Diese Erkl\u00e4rung bezieht sich auf die Daten, die durch den Besuch unserer Webseite bekannt werden und informiert dar\u00fcber, wie mit den Daten umgegangen wird. Ein Datenaustausch mit anderen Firmen erfolgt nicht, wodurch die Datenschutzerkl\u00e4rung auf Ihren Besuch unserer Webseite beschr\u00e4nkt bleibt. Die Daten, die wir von Ihnen erhalten haben, werden nicht an Dritte weitergegeben.<\/p>\n<h3>Ihre Datenschutz-Einstellungen<\/h3>\n<span class=\"borlabs-cookie-open-dialog-preferences \" data-borlabs-cookie-title=\"Einstellungen \u00f6ffnen\" data-borlabs-cookie-type=\"link\" ><\/span>\n<h3>Pers\u00f6nliche Daten und Cookies<\/h3>\n<p>Es werden automatisch Daten in unseren Logfiles gespeichert, die wir von Ihrem Browser w\u00e4hrend des Besuches erhalten (Browser ist zum Beispiel der Internet Explorer, Firefox, Safari etc.). Das bedeutet, dass die IP-Adresse bekannt ist und es wird ein Cookie auf Ihrem Computer angelegt. Cookies speichern Ihre Interessen, Bilder usw. sodass Sie bei Ihrem n\u00e4chsten Besuch schneller auf unsere Seite zugreifen k\u00f6nnen ohne jedes Bild neu laden zu m\u00fcssen.<br \/>\nImmer wieder kommt es zu Unsicherheiten wegen der Cookies, die auf dem Computer des Besuchers gespeichert werden. Doch diese kleinen Dateien sind reine Informationsspeicher. Es werden keine Viren produziert, der Computer wird nicht angegriffen und Sie werden nicht ausgeforscht.<\/p>\n<p>Ziel des Cookies ist einzig, Ihre pers\u00f6nlichen Aktivit\u00e4ten und Interessen zu speichern, sodass wir bei Ihrem n\u00e4chsten Besuch damit arbeiten k\u00f6nnen.<\/p>\n<h3>Google Analytics<\/h3>\n<p>Diese Website benutzt Google Analytics, einen Webanalysedienst der Google Inc. (\u201eGoogle\u201c). Google Analytics verwendet sog. \u201eCookies\u201c, Textdateien, die auf Ihrem Computer gespeichert werden und die eine Analyse der Benutzung der Website durch Sie erm\u00f6glichen. Die durch den Cookie erzeugten Informationen \u00fcber Ihre Benutzung dieser Website (einschlie\u00dflich Ihrer IP-Adresse) werden an einen Server von Google in den USA \u00fcbertragen und dort gespeichert. Google wird diese Informationen benutzen, um Ihre Nutzung der Website auszuwerten, um Reports \u00fcber die Websiteaktivit\u00e4ten f\u00fcr die Websitebetreiber zusammenzustellen und um weitere mit der Websitenutzung und der Internetnutzung verbundene Dienstleistungen zu erbringen. Auch wird Google diese Informationen gegebenenfalls an Dritte \u00fcbertragen, sofern dies gesetzlich vorgeschrieben oder soweit Dritte diese Daten im Auftrag von Google verarbeiten. Google wird in keinem Fall Ihre IP-Adresse mit anderen Daten von Google in Verbindung bringen. Sie k\u00f6nnen die Installation der Cookies durch eine entsprechende Einstellung Ihrer Browser Software verhindern; wir weisen Sie jedoch darauf hin, dass Sie in diesem Fall gegebenenfalls nicht s\u00e4mtliche Funktionen dieser Website vollumf\u00e4nglich nutzen k\u00f6nnen. Durch die Nutzung dieser Website erkl\u00e4ren Sie sich mit der Bearbeitung der \u00fcber Sie erhobenen Daten durch Google in der zuvor beschriebenen Art und Weise und zu dem zuvor benannten Zweck einverstanden.<\/p>\n<p>Mit dem Browser-Add-on zur Deaktivierung des Google Analytics-JavaScripts (&#8220;ga.js&#8221;, &#8220;analytics.js&#8221; oder &#8220;dc.js&#8221;) k\u00f6nnen Besucher einer Website verhindern, dass ihre Daten durch Google Analytics verwendet werden. Bitte beachten Sie aber, dass Sie dann eventuell nicht den vollen Umfang dieser Website nutzen k\u00f6nnen.<br \/>\nHier finden Sie das Browser-Add-on: <a href=\"https:\/\/tools.google.com\/dlpage\/gaoptout?hl=de\">https:\/\/tools.google.com\/dlpage\/gaoptout?hl=de<\/a><\/p>\n<h3>Facebook<\/h3>\n<p>Auf unseren Seiten sind Plugins des sozialen Netzwerks Facebook, 1601 South California Avenue, Palo Alto, CA 94304, USA integriert. Die Facebook-Plugins erkennen Sie an dem Facebook-Logo oder dem &#8220;Like-Button&#8221; (&#8220;Gef\u00e4llt mir\u201c) auf unserer Seite. Eine \u00dcbersicht \u00fcber die Facebook-Plugins finden Sie hier:\u00a0<a href=\"http:\/\/developers.facebook.com\/docs\/plugins\/\">http:\/\/developers.facebook.com\/docs\/plugins\/<\/a>\u00a0Wenn Sie unsere Seiten besuchen, wird \u00fcber das Plugin eine direkte Verbindung zwischen Ihrem Browser und dem Facebook-Server hergestellt. Facebook erh\u00e4lt dadurch die Information, dass Sie mit Ihrer IP-Adresse unsere Seite besucht haben. Wenn Sie den Facebook \u201eLike-Button\u201c anklicken w\u00e4hrend Sie in Ihrem Facebook-Account eingeloggt sind, k\u00f6nnen Sie die Inhalte unserer Seiten auf Ihrem Facebook-Profil verlinken. Dadurch kann Facebook den Besuch unserer Seiten Ihrem Benutzerkonto zuordnen. Wir weisen darauf hin, dass wir als Anbieter der Seiten keine Kenntnis vom Inhalt der \u00fcbermittelten Daten sowie deren Nutzung durch Facebook erhalten. Weitere Informationen hierzu finden Sie in der Datenschutzerkl\u00e4rung von facebook unter\u00a0<a href=\"https:\/\/de-de.facebook.com\/policy.php\">https:\/\/de-de.facebook.com\/policy.php<\/a><\/p>\n<p>Wenn Sie nicht w\u00fcnschen, dass Facebook den Besuch unserer Seiten Ihrem Facebook-Nutzerkonto zuordnen kann, loggen Sie sich bitte aus Ihrem Facebook-Benutzerkonto aus.<\/p>\n<h3>Zimmerbuchung<\/h3>\n<p>Um Ihnen eine Zimmerbuchung \u00fcber unsere Homepage zu erm\u00f6glichen, ist in unserer Webseite ein Online Buchungssystem, die Viato CBE, integriert. Anbieter dieses Systems ist die Viato GmbH. Die von Ihnen get\u00e4tigten Angaben werden ausschlie\u00dflich zur Erbringung unserer vertraglichen Leistungen verarbeitet und selbstverst\u00e4ndlich vertraulich behandelt.<\/p>\n<h3>Externe Links<\/h3>\n<p>Sofern Sie externe Links nutzen, die im Rahmen unserer Internetseiten angeboten werden, erstreckt sich diese Datenschutzerkl\u00e4rung nicht auf diese Links. Insofern wir Links anbieten, versichern wir, dass zum Zeitpunkt der Link-Setzung keine Verst\u00f6\u00dfe gegen geltendes Recht auf den verlinkten Internetseiten erkennbar waren. Wir haben jedoch keinen Einfluss auf die Einhaltung der Datenschutz- und Sicherheitsbestimmungen durch andere Anbieter. Informieren Sie sich deshalb bitte auf den Internetseiten der anderen Anbieter auch \u00fcber die dort bereitgestellten Datenschutzerkl\u00e4rungen.<\/p>\n<h3>\u00c4nderungen dieser Datenschutzerkl\u00e4rung<\/h3>\n<p>Wir behalten uns das Recht vor, unsere Datenschutzpraktiken und diese Richtlinie abzu\u00e4ndern, um sie gegebenenfalls an \u00c4nderungen relevanter Gesetze bzw. Vorschriften anzupassen oder Ihren Bed\u00fcrfnissen besser gerecht zu werden. M\u00f6gliche \u00c4nderungen unserer Datenschutzpraktiken werden entsprechend an dieser Stelle bekannt gegeben. Beachten Sie hierzu bitte die aktuelle Versionsnummer der Datenschutzerkl\u00e4rung.<\/p>\n<h3>Ihre Rechte<\/h3>\n<p>Ihnen stehen grunds\u00e4tzlich die Rechte auf Auskunft, Berichtigung, L\u00f6schung, Einschr\u00e4nkung, Daten\u00fcbertragbarkeit, Widerruf und Widerspruch zu. Wenn Sie glauben, dass die Verarbeitung Ihrer Daten gegen das Datenschutzrecht verst\u00f6\u00dft oder Ihre datenschutzrechtlichen Anspr\u00fcche sonst in einer Weise verletzt worden sind, k\u00f6nnen Sie sich bei der Aufsichtsbeh\u00f6rde beschweren. In \u00d6sterreich ist dies die Datenschutzbeh\u00f6rde<\/p>\n<h3><strong>Kontakt<\/strong><\/h3>\n<p>Unsere Datenschutzkoordinatorin erreichen Sie telefonisch unter: 02986\/66 55<br \/>\nper Mail: <a href=\"mailto:office@smartmotel.at\">office@smartmotel.at<\/a><\/p>\n<p>Smart Motel GmbH<br \/>\nStarkweg 1<br \/>\n3754 Irnfritz<\/p>\n<p>Smart Motel<br \/>\nAndrea Scherney Stra\u00dfe 708 \/ Ecke Wiener Stra\u00dfe 113<br \/>\nA-3571 Gars am Kamp<\/p>\n<div id=\"google_translate_element\"><\/div>\n<p><script type=\"text\/javascript\">\/\/ <![CDATA[ function googleTranslateElementInit() { new google.translate.TranslateElement({pageLanguage: 'de', includedLanguages: 'ar,bg,bs,cs,en,es,fr,hr,hu,it,pl,ro,ru,sk,sl,tr,zh-CN'}, 'google_translate_element'); } \/\/ ]]><\/script><script src=\"\/\/translate.google.com\/translate_a\/element.js?cb=googleTranslateElementInit\" type=\"text\/javascript\"><\/script><\/p>\n<\/div><\/div><\/div>","protected":false},"excerpt":{"rendered":"<p>Gegenstand der Datenschutzerkl\u00e4rung Diese Erkl\u00e4rung bezieht sich auf die Daten, die durch den Besuch unserer Webseite bekannt werden und informiert dar\u00fcber, wie mit den Daten umgegangen wird. Ein Datenaustausch mit anderen Firmen erfolgt nicht, wodurch die Datenschutzerkl\u00e4rung auf Ihren Besuch unserer Webseite beschr\u00e4nkt bleibt. Die Daten, die wir von Ihnen erhalten haben, werden nicht an [&hellip;]<\/p>\n","protected":false},"author":2,"featured_media":0,"parent":0,"menu_order":0,"comment_status":"closed","ping_status":"closed","template":"","meta":{"_acf_changed":false,"iawp_total_views":80,"footnotes":""},"class_list":["post-971","page","type-page","status-publish","hentry"],"acf":[],"yoast_head":"<!-- This site is optimized with the Yoast SEO plugin v27.2 - https:\/\/yoast.com\/product\/yoast-seo-wordpress\/ -->\n<title>Data protection - Smart Motel<\/title>\n<meta name=\"robots\" content=\"index, follow, max-snippet:-1, max-image-preview:large, max-video-preview:-1\" \/>\n<link rel=\"canonical\" href=\"https:\/\/smartmotel.at\/en\/data-protection\/\" \/>\n<meta property=\"og:locale\" content=\"en_US\" \/>\n<meta property=\"og:type\" content=\"article\" \/>\n<meta property=\"og:title\" content=\"Data protection - Smart Motel\" \/>\n<meta property=\"og:description\" content=\"Gegenstand der Datenschutzerkl\u00e4rung Diese Erkl\u00e4rung bezieht sich auf die Daten, die durch den Besuch unserer Webseite bekannt werden und informiert dar\u00fcber, wie mit den Daten umgegangen wird. Ein Datenaustausch mit anderen Firmen erfolgt nicht, wodurch die Datenschutzerkl\u00e4rung auf Ihren Besuch unserer Webseite beschr\u00e4nkt bleibt. Die Daten, die wir von Ihnen erhalten haben, werden nicht an [&hellip;]\" \/>\n<meta property=\"og:url\" content=\"https:\/\/smartmotel.at\/en\/data-protection\/\" \/>\n<meta property=\"og:site_name\" content=\"Smart Motel\" \/>\n<meta property=\"article:modified_time\" content=\"2024-03-02T15:51:21+00:00\" \/>\n<meta name=\"twitter:label1\" content=\"Est. reading time\" \/>\n\t<meta name=\"twitter:data1\" content=\"5 minutes\" \/>\n<script type=\"application\/ld+json\" class=\"yoast-schema-graph\">{\"@context\":\"https:\/\/schema.org\",\"@graph\":[{\"@type\":\"WebPage\",\"@id\":\"https:\/\/smartmotel.at\/en\/data-protection\/\",\"url\":\"https:\/\/smartmotel.at\/en\/data-protection\/\",\"name\":\"Data protection - Smart Motel\",\"isPartOf\":{\"@id\":\"https:\/\/smartmotel.at\/#website\"},\"datePublished\":\"2014-07-23T07:02:32+00:00\",\"dateModified\":\"2024-03-02T15:51:21+00:00\",\"breadcrumb\":{\"@id\":\"https:\/\/smartmotel.at\/en\/data-protection\/#breadcrumb\"},\"inLanguage\":\"en-US\",\"potentialAction\":[{\"@type\":\"ReadAction\",\"target\":[\"https:\/\/smartmotel.at\/en\/data-protection\/\"]}]},{\"@type\":\"BreadcrumbList\",\"@id\":\"https:\/\/smartmotel.at\/en\/data-protection\/#breadcrumb\",\"itemListElement\":[{\"@type\":\"ListItem\",\"position\":1,\"name\":\"Home\",\"item\":\"https:\/\/smartmotel.at\/en\/\"},{\"@type\":\"ListItem\",\"position\":2,\"name\":\"Data protection\"}]},{\"@type\":\"WebSite\",\"@id\":\"https:\/\/smartmotel.at\/#website\",\"url\":\"https:\/\/smartmotel.at\/\",\"name\":\"Smart Motel\",\"description\":\"Einfach, einfach gut \u00fcbernachten ab 22\u20ac\",\"potentialAction\":[{\"@type\":\"SearchAction\",\"target\":{\"@type\":\"EntryPoint\",\"urlTemplate\":\"https:\/\/smartmotel.at\/?s={search_term_string}\"},\"query-input\":{\"@type\":\"PropertyValueSpecification\",\"valueRequired\":true,\"valueName\":\"search_term_string\"}}],\"inLanguage\":\"en-US\"}]}<\/script>\n<!-- \/ Yoast SEO plugin. -->","yoast_head_json":{"title":"Data protection - Smart Motel","robots":{"index":"index","follow":"follow","max-snippet":"max-snippet:-1","max-image-preview":"max-image-preview:large","max-video-preview":"max-video-preview:-1"},"canonical":"https:\/\/smartmotel.at\/en\/data-protection\/","og_locale":"en_US","og_type":"article","og_title":"Data protection - Smart Motel","og_description":"Gegenstand der Datenschutzerkl\u00e4rung Diese Erkl\u00e4rung bezieht sich auf die Daten, die durch den Besuch unserer Webseite bekannt werden und informiert dar\u00fcber, wie mit den Daten umgegangen wird. Ein Datenaustausch mit anderen Firmen erfolgt nicht, wodurch die Datenschutzerkl\u00e4rung auf Ihren Besuch unserer Webseite beschr\u00e4nkt bleibt. Die Daten, die wir von Ihnen erhalten haben, werden nicht an [&hellip;]","og_url":"https:\/\/smartmotel.at\/en\/data-protection\/","og_site_name":"Smart Motel","article_modified_time":"2024-03-02T15:51:21+00:00","twitter_misc":{"Est. reading time":"5 minutes"},"schema":{"@context":"https:\/\/schema.org","@graph":[{"@type":"WebPage","@id":"https:\/\/smartmotel.at\/en\/data-protection\/","url":"https:\/\/smartmotel.at\/en\/data-protection\/","name":"Data protection - Smart Motel","isPartOf":{"@id":"https:\/\/smartmotel.at\/#website"},"datePublished":"2014-07-23T07:02:32+00:00","dateModified":"2024-03-02T15:51:21+00:00","breadcrumb":{"@id":"https:\/\/smartmotel.at\/en\/data-protection\/#breadcrumb"},"inLanguage":"en-US","potentialAction":[{"@type":"ReadAction","target":["https:\/\/smartmotel.at\/en\/data-protection\/"]}]},{"@type":"BreadcrumbList","@id":"https:\/\/smartmotel.at\/en\/data-protection\/#breadcrumb","itemListElement":[{"@type":"ListItem","position":1,"name":"Home","item":"https:\/\/smartmotel.at\/en\/"},{"@type":"ListItem","position":2,"name":"Data protection"}]},{"@type":"WebSite","@id":"https:\/\/smartmotel.at\/#website","url":"https:\/\/smartmotel.at\/","name":"Smart Motel","description":"Einfach, einfach gut \u00fcbernachten ab 22\u20ac","potentialAction":[{"@type":"SearchAction","target":{"@type":"EntryPoint","urlTemplate":"https:\/\/smartmotel.at\/?s={search_term_string}"},"query-input":{"@type":"PropertyValueSpecification","valueRequired":true,"valueName":"search_term_string"}}],"inLanguage":"en-US"}]}},"_links":{"self":[{"href":"https:\/\/smartmotel.at\/en\/wp-json\/wp\/v2\/pages\/971","targetHints":{"allow":["GET"]}}],"collection":[{"href":"https:\/\/smartmotel.at\/en\/wp-json\/wp\/v2\/pages"}],"about":[{"href":"https:\/\/smartmotel.at\/en\/wp-json\/wp\/v2\/types\/page"}],"author":[{"embeddable":true,"href":"https:\/\/smartmotel.at\/en\/wp-json\/wp\/v2\/users\/2"}],"replies":[{"embeddable":true,"href":"https:\/\/smartmotel.at\/en\/wp-json\/wp\/v2\/comments?post=971"}],"version-history":[{"count":8,"href":"https:\/\/smartmotel.at\/en\/wp-json\/wp\/v2\/pages\/971\/revisions"}],"predecessor-version":[{"id":3265,"href":"https:\/\/smartmotel.at\/en\/wp-json\/wp\/v2\/pages\/971\/revisions\/3265"}],"wp:attachment":[{"href":"https:\/\/smartmotel.at\/en\/wp-json\/wp\/v2\/media?parent=971"}],"curies":[{"name":"wp","href":"https:\/\/api.w.org\/{rel}","templated":true}]}}